{"id":2223,"date":"2025-12-27T15:22:39","date_gmt":"2025-12-27T14:22:39","guid":{"rendered":"https:\/\/edenart.cz\/cs\/?page_id=2223"},"modified":"2026-03-15T17:54:21","modified_gmt":"2026-03-15T16:54:21","slug":"kontakt","status":"publish","type":"page","link":"https:\/\/edenart.cz\/cs\/kontakt\/","title":{"rendered":"Kontakt"},"content":{"rendered":"\t\t<div data-elementor-type=\"wp-page\" data-elementor-id=\"2223\" class=\"elementor elementor-2223\" data-elementor-post-type=\"page\">\n\t\t\t\t<div class=\"elementor-element elementor-element-a857e3b e-flex e-con-boxed e-con e-parent\" data-id=\"a857e3b\" data-element_type=\"container\" data-e-type=\"container\">\n\t\t\t\t\t<div class=\"e-con-inner\">\n\t\t\t\t<div class=\"elementor-element elementor-element-5087960 elementor-widget elementor-widget-heading\" data-id=\"5087960\" data-element_type=\"widget\" data-e-type=\"widget\" data-widget_type=\"heading.default\">\n\t\t\t\t\t<h2 class=\"elementor-heading-title elementor-size-default\">Kontakt<\/h2>\t\t\t\t<\/div>\n\t\t<div class=\"elementor-element elementor-element-5d14715 e-grid e-con-full e-con e-child\" data-id=\"5d14715\" data-element_type=\"container\" data-e-type=\"container\">\n\t\t<div class=\"elementor-element elementor-element-ae2f8bc e-con-full e-flex e-con e-child\" data-id=\"ae2f8bc\" data-element_type=\"container\" data-e-type=\"container\">\n\t\t<div class=\"elementor-element elementor-element-ff8462f e-grid e-con-full e-con e-child\" data-id=\"ff8462f\" data-element_type=\"container\" data-e-type=\"container\">\n\t\t<div class=\"elementor-element elementor-element-e0ba5a6 e-con-full e-flex e-con e-child\" data-id=\"e0ba5a6\" data-element_type=\"container\" data-e-type=\"container\">\n\t\t<div class=\"elementor-element elementor-element-005a92f e-con-full e-flex e-con e-child\" data-id=\"005a92f\" data-element_type=\"container\" data-e-type=\"container\">\n\t\t\t\t<div class=\"elementor-element elementor-element-21b5621 elementor-widget__width-initial elementor-view-default elementor-widget elementor-widget-icon\" data-id=\"21b5621\" data-element_type=\"widget\" data-e-type=\"widget\" data-widget_type=\"icon.default\">\n\t\t\t\t\t\t\t<div class=\"elementor-icon-wrapper\">\n\t\t\t<div class=\"elementor-icon\">\n\t\t\t<svg xmlns=\"http:\/\/www.w3.org\/2000\/svg\" id=\"Vrstva_2\" data-name=\"Vrstva 2\" viewBox=\"0 0 143.06 96.15\"><defs><style>      .cls-1 {        fill: #fff;        stroke: #f6f6f6;        stroke-miterlimit: 10;      }    <\/style><\/defs><g id=\"Vrstva_1-2\" data-name=\"Vrstva 1\"><path class=\"cls-1\" d=\"M129.5,56.75c-1.51.05-3.07.69-4.58,1.3-1.52.64-3.01,1.36-4.5,2.11-2.97,1.5-5.89,3.11-8.81,4.72-5.84,3.24-11.67,6.54-17.58,9.71-11.82,6.33-23.89,12.37-36.81,16.68-6.46,2.12-13.16,3.8-20.17,4.27-6.93.46-14.53-.45-20.94-4.57-3.17-2.03-5.89-4.77-7.95-7.85-2.08-3.08-3.57-6.45-4.65-9.87-2.17-6.86-2.84-13.88-3-20.79h7.35c-.11,6.44.3,12.91,1.95,18.9,1.61,5.97,4.67,11.43,9.52,14.76,4.82,3.4,11.16,4.55,17.49,4.37,6.37-.18,12.82-1.51,19.13-3.31,12.65-3.68,24.84-9.19,36.81-15.03,6-2.93,11.93-6,17.91-9.02,2.99-1.51,5.99-3.01,9.05-4.41,1.53-.7,3.08-1.38,4.67-1.98,1.6-.56,3.22-1.2,5.08-1.21l.02,1.22Z\"><\/path><polygon class=\"cls-1\" points=\"142.56 48.99 16.84 51.65 16.84 45.12 142.56 47.77 142.56 48.99\"><\/polygon><path class=\"cls-1\" d=\"M129.48,40.62c-1.86,0-3.48-.65-5.08-1.21-1.59-.6-3.13-1.28-4.67-1.98-3.06-1.41-6.06-2.91-9.05-4.41-5.98-3.02-11.91-6.09-17.91-9.03-11.98-5.85-24.17-11.35-36.81-15.03-6.31-1.81-12.76-3.14-19.13-3.31-6.34-.19-12.67.97-17.49,4.36-4.85,3.33-7.91,8.79-9.52,14.77-1.65,5.99-2.06,12.46-1.95,18.9H.51c.16-6.9.83-13.92,2.99-20.79,1.08-3.42,2.58-6.78,4.66-9.87,2.06-3.08,4.78-5.82,7.95-7.85C22.53,1.05,30.13.15,37.05.61c7.01.47,13.71,2.15,20.17,4.27,12.92,4.31,25,10.35,36.81,16.68,5.91,3.18,11.74,6.48,17.58,9.71,2.92,1.62,5.85,3.22,8.81,4.73,1.49.75,2.98,1.47,4.5,2.11,1.51.61,3.07,1.26,4.58,1.3l-.02,1.23Z\"><\/path><path class=\"cls-1\" d=\"M92.64,36.86c-2.03-.12-3.67-1.04-5.38-1.75-1.69-.78-3.35-1.6-5-2.44l-9.89-4.98c-6.61-3.23-13.34-6.27-20.32-8.3-3.48-1-7.04-1.74-10.56-1.83-3.5-.11-7,.53-9.66,2.4-2.68,1.85-4.37,4.86-5.26,8.15-.91,3.31-1.13,6.87-1.08,10.43h-4.05c.08-3.81.46-7.69,1.65-11.47,1.15-3.74,3.39-7.53,6.96-9.78,3.54-2.28,7.74-2.77,11.56-2.52,3.87.26,7.56,1.19,11.13,2.35,7.13,2.38,13.79,5.71,20.32,9.21l9.71,5.37c1.61.89,3.23,1.78,4.86,2.6,1.63.77,3.32,1.72,5.01,1.88v.67Z\"><\/path><polygon class=\"cls-1\" points=\"103.43 48.78 105.54 47.52 114.22 61.63 112.12 62.89 103.43 48.78\"><\/polygon><rect class=\"cls-1\" x=\"86.23\" y=\"47.67\" width=\"2.45\" height=\"26.74\" transform=\"translate(-18.98 54.35) rotate(-31.32)\"><\/rect><rect class=\"cls-1\" x=\"63.78\" y=\"47.02\" width=\"2.45\" height=\"36.61\" transform=\"translate(-24.3 42.58) rotate(-30.85)\"><\/rect><rect class=\"cls-1\" x=\"42.96\" y=\"47.89\" width=\"2.45\" height=\"44.25\" transform=\"translate(-29 31.3) rotate(-29.87)\"><\/rect><\/g><\/svg>\t\t\t<\/div>\n\t\t<\/div>\n\t\t\t\t\t\t<\/div>\n\t\t\t\t<div class=\"elementor-element elementor-element-9f767e6 elementor-widget__width-initial elementor-widget elementor-widget-text-editor\" data-id=\"9f767e6\" data-element_type=\"widget\" data-e-type=\"widget\" data-widget_type=\"text-editor.default\">\n\t\t\t\t\t\t\t\t\t<p><span style=\"font-weight: 400;\">EdenART, s.r.o.<\/span><\/p>\t\t\t\t\t\t\t\t<\/div>\n\t\t\t\t<\/div>\n\t\t\t\t<div class=\"elementor-element elementor-element-1caf1b4f elementor-widget elementor-widget-text-editor\" data-id=\"1caf1b4f\" data-element_type=\"widget\" data-e-type=\"widget\" data-widget_type=\"text-editor.default\">\n\t\t\t\t\t\t\t\t\t<p><span style=\"font-weight: 400;\">Za Humny 223<\/span><span style=\"font-weight: 400;\"><br \/><\/span><span style=\"font-weight: 400;\">250 82 Horou\u0161any \u2013 Horou\u0161\u00e1nky<\/span><\/p><p><span style=\"font-weight: 400;\">I\u010c: 04790821<\/span><span style=\"font-weight: 400;\"><br \/><\/span><span style=\"font-weight: 400;\">Spisov\u00e1 zna\u010dka: C 65178 u Krajsk\u00e9ho soudu v Ostrav\u011b<\/span><\/p><p><span style=\"font-weight: 400;\">Tel.: <a href=\"tel:+420739524722\">+420 739 524 722<\/a><\/span><span style=\"font-weight: 400;\"><br \/><\/span><span style=\"font-weight: 400;\">E-mail:\u00a0<\/span><a href=\"mailto:info@edenart.cz\"><span style=\"font-weight: 400;\">info@edenart.cz<\/span><\/a><\/p>\t\t\t\t\t\t\t\t<\/div>\n\t\t\t\t<\/div>\n\t\t<div class=\"elementor-element elementor-element-c461672 e-con-full e-flex e-con e-child\" data-id=\"c461672\" data-element_type=\"container\" data-e-type=\"container\" data-settings=\"{&quot;background_background&quot;:&quot;classic&quot;}\">\n\t\t\t\t<\/div>\n\t\t\t\t<\/div>\n\t\t\t\t<\/div>\n\t\t<div class=\"elementor-element elementor-element-5a7adaa e-con-full e-flex e-con e-child\" data-id=\"5a7adaa\" data-element_type=\"container\" data-e-type=\"container\">\n\t\t\t\t<div class=\"elementor-element elementor-element-e3ca880 elementor-button-align-start elementor-widget elementor-widget-form\" data-id=\"e3ca880\" data-element_type=\"widget\" data-e-type=\"widget\" data-settings=\"{&quot;step_next_label&quot;:&quot;Next&quot;,&quot;step_previous_label&quot;:&quot;Previous&quot;,&quot;button_width&quot;:&quot;100&quot;,&quot;step_type&quot;:&quot;number_text&quot;,&quot;step_icon_shape&quot;:&quot;circle&quot;}\" data-widget_type=\"form.default\">\n\t\t\t\t\t\t\t<form class=\"elementor-form\" method=\"post\" name=\"New Form\" aria-label=\"New Form\">\n\t\t\t<input type=\"hidden\" name=\"post_id\" value=\"2223\"\/>\n\t\t\t<input type=\"hidden\" name=\"form_id\" value=\"e3ca880\"\/>\n\t\t\t<input type=\"hidden\" name=\"referer_title\" value=\"Kontakt - EdenART\" \/>\n\n\t\t\t\t\t\t\t<input type=\"hidden\" name=\"queried_id\" value=\"2223\"\/>\n\t\t\t\n\t\t\t<div class=\"elementor-form-fields-wrapper elementor-labels-above\">\n\t\t\t\t\t\t\t\t<div class=\"elementor-field-type-text elementor-field-group elementor-column elementor-field-group-name elementor-col-100\">\n\t\t\t\t\t\t\t\t\t\t\t\t\t<input size=\"1\" type=\"text\" name=\"form_fields[name]\" id=\"form-field-name\" class=\"elementor-field elementor-size-sm  elementor-field-textual\" placeholder=\"Jm\u00e9no a p\u0159\u00edjmen\u00ed\">\n\t\t\t\t\t\t\t\t\t\t\t<\/div>\n\t\t\t\t\t\t\t\t<div class=\"elementor-field-type-email elementor-field-group elementor-column elementor-field-group-email elementor-col-50 elementor-field-required\">\n\t\t\t\t\t\t\t\t\t\t\t\t\t<input size=\"1\" type=\"email\" name=\"form_fields[email]\" id=\"form-field-email\" class=\"elementor-field elementor-size-sm  elementor-field-textual\" placeholder=\"Email\" required=\"required\">\n\t\t\t\t\t\t\t\t\t\t\t<\/div>\n\t\t\t\t\t\t\t\t<div class=\"elementor-field-type-tel elementor-field-group elementor-column elementor-field-group-field_d4d1230 elementor-col-50 elementor-field-required\">\n\t\t\t\t\t\t\t<input size=\"1\" type=\"tel\" name=\"form_fields[field_d4d1230]\" id=\"form-field-field_d4d1230\" class=\"elementor-field elementor-size-sm  elementor-field-textual\" placeholder=\"Telefonn\u00ed \u010d\u00edslo\" required=\"required\" pattern=\"[0-9()#&amp;+*-=.]+\" title=\"Only numbers and phone characters (#, -, *, etc) are accepted.\">\n\n\t\t\t\t\t\t<\/div>\n\t\t\t\t\t\t\t\t<div class=\"elementor-field-type-textarea elementor-field-group elementor-column elementor-field-group-message elementor-col-100\">\n\t\t\t\t\t<textarea class=\"elementor-field-textual elementor-field  elementor-size-sm\" name=\"form_fields[message]\" id=\"form-field-message\" rows=\"3\" placeholder=\"Zpr\u00e1va\"><\/textarea>\t\t\t\t<\/div>\n\t\t\t\t\t\t\t\t<div class=\"elementor-field-type-recaptcha_v3 elementor-field-group elementor-column elementor-field-group-field_de5dd18 elementor-col-100 recaptcha_v3-bottomright\">\n\t\t\t\t\t<div class=\"elementor-field\" id=\"form-field-field_de5dd18\"><div class=\"elementor-g-recaptcha\" data-sitekey=\"6LfOS3wsAAAAABxRyQKEGfTW2oAHY_FvOBwxcYSq\" data-type=\"v3\" data-action=\"Form\" data-badge=\"bottomright\" data-size=\"invisible\"><\/div><\/div>\t\t\t\t<\/div>\n\t\t\t\t\t\t\t\t<div class=\"elementor-field-type-text\">\n\t\t\t\t\t<input size=\"1\" type=\"text\" name=\"form_fields[field_e64d7cf]\" id=\"form-field-field_e64d7cf\" class=\"elementor-field elementor-size-sm \" style=\"display:none !important;\">\t\t\t\t<\/div>\n\t\t\t\t\t\t\t\t<div class=\"elementor-field-group elementor-column elementor-field-type-submit elementor-col-100 e-form__buttons\">\n\t\t\t\t\t<button class=\"elementor-button elementor-size-sm\" type=\"submit\">\n\t\t\t\t\t\t<span class=\"elementor-button-content-wrapper\">\n\t\t\t\t\t\t\t\t\t\t\t\t\t\t\t\t\t\t\t\t\t\t<span class=\"elementor-button-text\">Odeslat<\/span>\n\t\t\t\t\t\t\t\t\t\t\t\t\t<\/span>\n\t\t\t\t\t<\/button>\n\t\t\t\t<\/div>\n\t\t\t<\/div>\n\t\t<\/form>\n\t\t\t\t\t\t<\/div>\n\t\t\t\t<\/div>\n\t\t\t\t<\/div>\n\t\t\t\t\t<\/div>\n\t\t\t\t<\/div>\n\t\t<div class=\"elementor-element elementor-element-110e0b8 e-flex e-con-boxed e-con e-parent\" data-id=\"110e0b8\" data-element_type=\"container\" data-e-type=\"container\">\n\t\t\t\t\t<div class=\"e-con-inner\">\n\t\t\t\t<div class=\"elementor-element elementor-element-fa3450b elementor-widget elementor-widget-spacer\" data-id=\"fa3450b\" data-element_type=\"widget\" data-e-type=\"widget\" data-widget_type=\"spacer.default\">\n\t\t\t\t\t\t\t<div class=\"elementor-spacer\">\n\t\t\t<div class=\"elementor-spacer-inner\"><\/div>\n\t\t<\/div>\n\t\t\t\t\t\t<\/div>\n\t\t\t\t\t<\/div>\n\t\t\t\t<\/div>\n\t\t\t\t<\/div>\n\t\t","protected":false},"excerpt":{"rendered":"<p>Kontakt EdenART, s.r.o. Za Humny 223250 82 Horou\u0161any \u2013 Horou\u0161\u00e1nky I\u010c: 04790821Spisov\u00e1 zna\u010dka: C 65178 u Krajsk\u00e9ho soudu v Ostrav\u011b Tel.: +420 739 524 722E-mail:\u00a0info@edenart.cz<\/p>\n","protected":false},"author":10,"featured_media":1986,"parent":0,"menu_order":0,"comment_status":"closed","ping_status":"closed","template":"","meta":{"footnotes":""},"class_list":["post-2223","page","type-page","status-publish","has-post-thumbnail","hentry"],"_links":{"self":[{"href":"https:\/\/edenart.cz\/cs\/wp-json\/wp\/v2\/pages\/2223","targetHints":{"allow":["GET"]}}],"collection":[{"href":"https:\/\/edenart.cz\/cs\/wp-json\/wp\/v2\/pages"}],"about":[{"href":"https:\/\/edenart.cz\/cs\/wp-json\/wp\/v2\/types\/page"}],"author":[{"embeddable":true,"href":"https:\/\/edenart.cz\/cs\/wp-json\/wp\/v2\/users\/10"}],"replies":[{"embeddable":true,"href":"https:\/\/edenart.cz\/cs\/wp-json\/wp\/v2\/comments?post=2223"}],"version-history":[{"count":47,"href":"https:\/\/edenart.cz\/cs\/wp-json\/wp\/v2\/pages\/2223\/revisions"}],"predecessor-version":[{"id":3197,"href":"https:\/\/edenart.cz\/cs\/wp-json\/wp\/v2\/pages\/2223\/revisions\/3197"}],"wp:featuredmedia":[{"embeddable":true,"href":"https:\/\/edenart.cz\/cs\/wp-json\/wp\/v2\/media\/1986"}],"wp:attachment":[{"href":"https:\/\/edenart.cz\/cs\/wp-json\/wp\/v2\/media?parent=2223"}],"curies":[{"name":"wp","href":"https:\/\/api.w.org\/{rel}","templated":true}]}}