{"id":2248,"date":"2025-12-29T13:31:29","date_gmt":"2025-12-29T12:31:29","guid":{"rendered":"https:\/\/edenart.cz\/cs\/?page_id=2248"},"modified":"2026-03-15T18:02:56","modified_gmt":"2026-03-15T17:02:56","slug":"o-nas","status":"publish","type":"page","link":"https:\/\/edenart.cz\/cs\/o-nas\/","title":{"rendered":"O N\u00e1s"},"content":{"rendered":"\t\t<div data-elementor-type=\"wp-page\" data-elementor-id=\"2248\" class=\"elementor elementor-2248\" data-elementor-post-type=\"page\">\n\t\t\t\t<div class=\"elementor-element elementor-element-7b20e3a e-flex e-con-boxed e-con e-parent\" data-id=\"7b20e3a\" data-element_type=\"container\" data-e-type=\"container\">\n\t\t\t\t\t<div class=\"e-con-inner\">\n\t\t<div class=\"elementor-element elementor-element-107047c e-grid e-con-full e-con e-child\" data-id=\"107047c\" data-element_type=\"container\" data-e-type=\"container\">\n\t\t<div class=\"elementor-element elementor-element-bf2a33c e-grid e-con-full e-con e-child\" data-id=\"bf2a33c\" data-element_type=\"container\" data-e-type=\"container\">\n\t\t<div class=\"elementor-element elementor-element-7f3d631 e-con-full e-flex e-con e-child\" data-id=\"7f3d631\" data-element_type=\"container\" data-e-type=\"container\" data-settings=\"{&quot;background_background&quot;:&quot;classic&quot;}\">\n\t\t\t\t<div class=\"elementor-element elementor-element-8a608a5 elementor-widget elementor-widget-heading\" data-id=\"8a608a5\" data-element_type=\"widget\" data-e-type=\"widget\" data-widget_type=\"heading.default\">\n\t\t\t\t\t<h2 class=\"elementor-heading-title elementor-size-default\">O n\u00e1s<\/h2>\t\t\t\t<\/div>\n\t\t\t\t<div class=\"elementor-element elementor-element-4c2d60f elementor-widget elementor-widget-text-editor\" data-id=\"4c2d60f\" data-element_type=\"widget\" data-e-type=\"widget\" data-widget_type=\"text-editor.default\">\n\t\t\t\t\t\t\t\t\t<p><span style=\"font-weight: 400;\">EdenART vznikl z touhy tvo\u0159it zahrady, kter\u00e9 jsou nejen kr\u00e1sn\u00e9, ale i funk\u010dn\u00ed. Zahrady, kter\u00e9 jsou propojen\u00e9 s p\u0159\u00edrodou a \u0161it\u00e9 na m\u00edru lidem, kte\u0159\u00ed v nich \u017eij\u00ed.<\/span><\/p><p><span style=\"font-weight: 400;\">Navrhujeme a realizujeme prostory, je\u017e nejsou jen estetick\u00fdm dopl\u0148kem domu, ale skute\u010dn\u00fdm m\u00edstem pro \u017eivot \u2013 pro odpo\u010dinek, radost i setk\u00e1v\u00e1n\u00ed.<\/span><\/p>\t\t\t\t\t\t\t\t<\/div>\n\t\t\t\t<\/div>\n\t\t\t\t<\/div>\n\t\t<div class=\"elementor-element elementor-element-7fd6e5f e-grid e-con-full e-con e-child\" data-id=\"7fd6e5f\" data-element_type=\"container\" data-e-type=\"container\">\n\t\t<div class=\"elementor-element elementor-element-f4e98b3 e-con-full e-flex e-con e-child\" data-id=\"f4e98b3\" data-element_type=\"container\" data-e-type=\"container\">\n\t\t<div class=\"elementor-element elementor-element-be5a527 e-con-full e-flex e-con e-child\" data-id=\"be5a527\" data-element_type=\"container\" data-e-type=\"container\">\n\t\t\t\t<div class=\"elementor-element elementor-element-bbad00c elementor-widget__width-initial elementor-view-default elementor-widget elementor-widget-icon\" data-id=\"bbad00c\" data-element_type=\"widget\" data-e-type=\"widget\" data-widget_type=\"icon.default\">\n\t\t\t\t\t\t\t<div class=\"elementor-icon-wrapper\">\n\t\t\t<div class=\"elementor-icon\">\n\t\t\t<svg xmlns=\"http:\/\/www.w3.org\/2000\/svg\" id=\"Vrstva_2\" data-name=\"Vrstva 2\" viewBox=\"0 0 143.06 96.15\"><defs><style>      .cls-1 {        fill: #fff;        stroke: #f6f6f6;        stroke-miterlimit: 10;      }    <\/style><\/defs><g id=\"Vrstva_1-2\" data-name=\"Vrstva 1\"><path class=\"cls-1\" d=\"M129.5,56.75c-1.51.05-3.07.69-4.58,1.3-1.52.64-3.01,1.36-4.5,2.11-2.97,1.5-5.89,3.11-8.81,4.72-5.84,3.24-11.67,6.54-17.58,9.71-11.82,6.33-23.89,12.37-36.81,16.68-6.46,2.12-13.16,3.8-20.17,4.27-6.93.46-14.53-.45-20.94-4.57-3.17-2.03-5.89-4.77-7.95-7.85-2.08-3.08-3.57-6.45-4.65-9.87-2.17-6.86-2.84-13.88-3-20.79h7.35c-.11,6.44.3,12.91,1.95,18.9,1.61,5.97,4.67,11.43,9.52,14.76,4.82,3.4,11.16,4.55,17.49,4.37,6.37-.18,12.82-1.51,19.13-3.31,12.65-3.68,24.84-9.19,36.81-15.03,6-2.93,11.93-6,17.91-9.02,2.99-1.51,5.99-3.01,9.05-4.41,1.53-.7,3.08-1.38,4.67-1.98,1.6-.56,3.22-1.2,5.08-1.21l.02,1.22Z\"><\/path><polygon class=\"cls-1\" points=\"142.56 48.99 16.84 51.65 16.84 45.12 142.56 47.77 142.56 48.99\"><\/polygon><path class=\"cls-1\" d=\"M129.48,40.62c-1.86,0-3.48-.65-5.08-1.21-1.59-.6-3.13-1.28-4.67-1.98-3.06-1.41-6.06-2.91-9.05-4.41-5.98-3.02-11.91-6.09-17.91-9.03-11.98-5.85-24.17-11.35-36.81-15.03-6.31-1.81-12.76-3.14-19.13-3.31-6.34-.19-12.67.97-17.49,4.36-4.85,3.33-7.91,8.79-9.52,14.77-1.65,5.99-2.06,12.46-1.95,18.9H.51c.16-6.9.83-13.92,2.99-20.79,1.08-3.42,2.58-6.78,4.66-9.87,2.06-3.08,4.78-5.82,7.95-7.85C22.53,1.05,30.13.15,37.05.61c7.01.47,13.71,2.15,20.17,4.27,12.92,4.31,25,10.35,36.81,16.68,5.91,3.18,11.74,6.48,17.58,9.71,2.92,1.62,5.85,3.22,8.81,4.73,1.49.75,2.98,1.47,4.5,2.11,1.51.61,3.07,1.26,4.58,1.3l-.02,1.23Z\"><\/path><path class=\"cls-1\" d=\"M92.64,36.86c-2.03-.12-3.67-1.04-5.38-1.75-1.69-.78-3.35-1.6-5-2.44l-9.89-4.98c-6.61-3.23-13.34-6.27-20.32-8.3-3.48-1-7.04-1.74-10.56-1.83-3.5-.11-7,.53-9.66,2.4-2.68,1.85-4.37,4.86-5.26,8.15-.91,3.31-1.13,6.87-1.08,10.43h-4.05c.08-3.81.46-7.69,1.65-11.47,1.15-3.74,3.39-7.53,6.96-9.78,3.54-2.28,7.74-2.77,11.56-2.52,3.87.26,7.56,1.19,11.13,2.35,7.13,2.38,13.79,5.71,20.32,9.21l9.71,5.37c1.61.89,3.23,1.78,4.86,2.6,1.63.77,3.32,1.72,5.01,1.88v.67Z\"><\/path><polygon class=\"cls-1\" points=\"103.43 48.78 105.54 47.52 114.22 61.63 112.12 62.89 103.43 48.78\"><\/polygon><rect class=\"cls-1\" x=\"86.23\" y=\"47.67\" width=\"2.45\" height=\"26.74\" transform=\"translate(-18.98 54.35) rotate(-31.32)\"><\/rect><rect class=\"cls-1\" x=\"63.78\" y=\"47.02\" width=\"2.45\" height=\"36.61\" transform=\"translate(-24.3 42.58) rotate(-30.85)\"><\/rect><rect class=\"cls-1\" x=\"42.96\" y=\"47.89\" width=\"2.45\" height=\"44.25\" transform=\"translate(-29 31.3) rotate(-29.87)\"><\/rect><\/g><\/svg>\t\t\t<\/div>\n\t\t<\/div>\n\t\t\t\t\t\t<\/div>\n\t\t\t\t<div class=\"elementor-element elementor-element-e0aee84 elementor-widget elementor-widget-text-editor\" data-id=\"e0aee84\" data-element_type=\"widget\" data-e-type=\"widget\" data-widget_type=\"text-editor.default\">\n\t\t\t\t\t\t\t\t\t<p><span style=\"font-weight: 400;\">Na\u0161\u00ed viz\u00ed je, aby ka\u017ed\u00e1 zahrada, kterou vytvo\u0159\u00edme, p\u0159in\u00e1\u0161ela radost dnes i v budoucnu. Chceme, aby se stala Va\u0161\u00edm kouskem r\u00e1je \u2013 m\u00edstem, kam se budete v\u017edycky t\u011b\u0161it.<\/span><\/p>\t\t\t\t\t\t\t\t<\/div>\n\t\t\t\t<div class=\"elementor-element elementor-element-25047a4 elementor-align-center elementor-widget elementor-widget-button\" data-id=\"25047a4\" data-element_type=\"widget\" data-e-type=\"widget\" data-widget_type=\"button.default\">\n\t\t\t\t\t\t\t\t\t\t<a class=\"elementor-button elementor-button-link elementor-size-sm\" href=\"https:\/\/edenart.cz\/cs\/kontakt\">\n\t\t\t\t\t\t<span class=\"elementor-button-content-wrapper\">\n\t\t\t\t\t\t\t\t\t<span class=\"elementor-button-text\">Domluvte si nez\u00e1vaznou konzultaci<\/span>\n\t\t\t\t\t<\/span>\n\t\t\t\t\t<\/a>\n\t\t\t\t\t\t\t\t<\/div>\n\t\t\t\t<\/div>\n\t\t\t\t<\/div>\n\t\t\t\t<\/div>\n\t\t\t\t<\/div>\n\t\t\t\t\t<\/div>\n\t\t\t\t<\/div>\n\t\t<div class=\"elementor-element elementor-element-83fd5d5 e-flex e-con-boxed e-con e-parent\" data-id=\"83fd5d5\" data-element_type=\"container\" data-e-type=\"container\">\n\t\t\t\t\t<div class=\"e-con-inner\">\n\t\t<div class=\"elementor-element elementor-element-b71682e e-grid e-con-full e-con e-child\" data-id=\"b71682e\" data-element_type=\"container\" data-e-type=\"container\">\n\t\t<div class=\"elementor-element elementor-element-6ae5e6b e-grid e-con-full e-con e-child\" data-id=\"6ae5e6b\" data-element_type=\"container\" data-e-type=\"container\">\n\t\t<div class=\"elementor-element elementor-element-3cf429c e-con-full e-flex e-con e-child\" data-id=\"3cf429c\" data-element_type=\"container\" data-e-type=\"container\" data-settings=\"{&quot;background_background&quot;:&quot;classic&quot;}\">\n\t\t\t\t<\/div>\n\t\t\t\t<\/div>\n\t\t<div class=\"elementor-element elementor-element-ddb31d9 e-grid e-con-full e-con e-child\" data-id=\"ddb31d9\" data-element_type=\"container\" data-e-type=\"container\">\n\t\t<div class=\"elementor-element elementor-element-bbb31c3 e-con-full e-flex e-con e-child\" data-id=\"bbb31c3\" data-element_type=\"container\" data-e-type=\"container\">\n\t\t\t\t<div class=\"elementor-element elementor-element-8dfbf9d elementor-widget elementor-widget-heading\" data-id=\"8dfbf9d\" data-element_type=\"widget\" data-e-type=\"widget\" data-widget_type=\"heading.default\">\n\t\t\t\t\t<h2 class=\"elementor-heading-title elementor-size-default\">Jak pracujeme<\/h2>\t\t\t\t<\/div>\n\t\t\t\t<div class=\"elementor-element elementor-element-7d2de03 elementor-widget elementor-widget-text-editor\" data-id=\"7d2de03\" data-element_type=\"widget\" data-e-type=\"widget\" data-widget_type=\"text-editor.default\">\n\t\t\t\t\t\t\t\t\t<p><span style=\"font-weight: 400;\">Ka\u017edou zahradu vn\u00edm\u00e1me jako jedine\u010dn\u00fd p\u0159\u00edb\u011bh. Na za\u010d\u00e1tku naslouch\u00e1me Va\u0161im p\u0159edstav\u00e1m, analyzujeme prostor a hled\u00e1me \u0159e\u0161en\u00ed, kter\u00e1 budou odpov\u00eddat Va\u0161im pot\u0159eb\u00e1m i charakteru m\u00edsta. Pot\u00e9 se pou\u0161t\u00edme do tvorby n\u00e1vrhu a n\u00e1sledn\u00e9 realizace, kde db\u00e1me na ka\u017ed\u00fd detail.<\/span><\/p><p><span style=\"font-weight: 400;\">Spolupracujeme s prov\u011b\u0159en\u00fdmi \u0159emesln\u00edky, d\u00edky \u010demu\u017e dok\u00e1\u017eeme zvl\u00e1dnout mal\u00e9 zahr\u00e1dky u rodinn\u00fdch dom\u016f i rozs\u00e1hl\u00e9 projekty v krajin\u011b.<\/span><\/p>\t\t\t\t\t\t\t\t<\/div>\n\t\t\t\t<div class=\"elementor-element elementor-element-ec27765 elementor-align-left elementor-mobile-align-center elementor-widget elementor-widget-button\" data-id=\"ec27765\" data-element_type=\"widget\" data-e-type=\"widget\" data-widget_type=\"button.default\">\n\t\t\t\t\t\t\t\t\t\t<a class=\"elementor-button elementor-button-link elementor-size-sm\" href=\"https:\/\/edenart.cz\/cs\/realizace\">\n\t\t\t\t\t\t<span class=\"elementor-button-content-wrapper\">\n\t\t\t\t\t\t\t\t\t<span class=\"elementor-button-text\">Pod\u00edvejte se na na\u0161e realizace<\/span>\n\t\t\t\t\t<\/span>\n\t\t\t\t\t<\/a>\n\t\t\t\t\t\t\t\t<\/div>\n\t\t\t\t<\/div>\n\t\t\t\t<\/div>\n\t\t\t\t<\/div>\n\t\t\t\t<div class=\"elementor-element elementor-element-6592dd8 elementor-widget elementor-widget-spacer\" data-id=\"6592dd8\" data-element_type=\"widget\" data-e-type=\"widget\" data-widget_type=\"spacer.default\">\n\t\t\t\t\t\t\t<div class=\"elementor-spacer\">\n\t\t\t<div class=\"elementor-spacer-inner\"><\/div>\n\t\t<\/div>\n\t\t\t\t\t\t<\/div>\n\t\t\t\t\t<\/div>\n\t\t\t\t<\/div>\n\t\t<div class=\"elementor-element elementor-element-c427006 e-flex e-con-boxed e-con e-parent\" data-id=\"c427006\" data-element_type=\"container\" data-e-type=\"container\">\n\t\t\t\t\t<div class=\"e-con-inner\">\n\t\t<div class=\"elementor-element elementor-element-21884bb e-grid e-con-full e-con e-child\" data-id=\"21884bb\" data-element_type=\"container\" data-e-type=\"container\">\n\t\t<div class=\"elementor-element elementor-element-0627099 e-grid e-con-full e-con e-child\" data-id=\"0627099\" data-element_type=\"container\" data-e-type=\"container\">\n\t\t<div class=\"elementor-element elementor-element-859b2fc e-con-full e-flex e-con e-child\" data-id=\"859b2fc\" data-element_type=\"container\" data-e-type=\"container\">\n\t\t\t\t<div class=\"elementor-element elementor-element-d42d801 elementor-widget elementor-widget-heading\" data-id=\"d42d801\" data-element_type=\"widget\" data-e-type=\"widget\" data-widget_type=\"heading.default\">\n\t\t\t\t\t<h2 class=\"elementor-heading-title elementor-size-default\">Co n\u00e1s charakterizuje<\/h2>\t\t\t\t<\/div>\n\t\t\t\t<div class=\"elementor-element elementor-element-634f3e6 elementor-widget elementor-widget-text-editor\" data-id=\"634f3e6\" data-element_type=\"widget\" data-e-type=\"widget\" data-widget_type=\"text-editor.default\">\n\t\t\t\t\t\t\t\t\t<ul><li><span style=\"font-weight: 400;\">osobn\u00ed p\u0159\u00edstup a komunikace od prvn\u00edho setk\u00e1n\u00ed a\u017e po fin\u00e1ln\u00ed p\u0159ed\u00e1n\u00ed<\/span><\/li><li><span style=\"font-weight: 400;\">kreativita spojen\u00e1 s technickou preciznost\u00ed<\/span><\/li><li><span style=\"font-weight: 400;\">zku\u0161enosti z des\u00edtek realizac\u00ed po cel\u00e9 \u010cR<\/span><\/li><li><span style=\"font-weight: 400;\">d\u016fraz na kvalitn\u00ed materi\u00e1ly a dlouhodobou udr\u017eitelnost<\/span><\/li><\/ul>\t\t\t\t\t\t\t\t<\/div>\n\t\t\t\t<div class=\"elementor-element elementor-element-8734d46 elementor-align-left elementor-mobile-align-center elementor-widget elementor-widget-button\" data-id=\"8734d46\" data-element_type=\"widget\" data-e-type=\"widget\" data-widget_type=\"button.default\">\n\t\t\t\t\t\t\t\t\t\t<a class=\"elementor-button elementor-button-link elementor-size-sm\" href=\"https:\/\/edenart.cz\/cs\/#sluzby\">\n\t\t\t\t\t\t<span class=\"elementor-button-content-wrapper\">\n\t\t\t\t\t\t\t\t\t<span class=\"elementor-button-text\">Pod\u00edvejte se na na\u0161e slu\u017eby<\/span>\n\t\t\t\t\t<\/span>\n\t\t\t\t\t<\/a>\n\t\t\t\t\t\t\t\t<\/div>\n\t\t\t\t<\/div>\n\t\t\t\t<\/div>\n\t\t<div class=\"elementor-element elementor-element-25e6784 e-grid e-con-full e-con e-child\" data-id=\"25e6784\" data-element_type=\"container\" data-e-type=\"container\">\n\t\t<div class=\"elementor-element elementor-element-20404df e-con-full e-flex e-con e-child\" data-id=\"20404df\" data-element_type=\"container\" data-e-type=\"container\" data-settings=\"{&quot;background_background&quot;:&quot;classic&quot;}\">\n\t\t\t\t<\/div>\n\t\t\t\t<\/div>\n\t\t\t\t<\/div>\n\t\t\t\t\t<\/div>\n\t\t\t\t<\/div>\n\t\t<div class=\"elementor-element elementor-element-209dfd9 e-flex e-con-boxed e-con e-parent\" data-id=\"209dfd9\" data-element_type=\"container\" data-e-type=\"container\">\n\t\t\t\t\t<div class=\"e-con-inner\">\n\t\t\t\t\t<\/div>\n\t\t\t\t<\/div>\n\t\t\t\t<\/div>\n\t\t","protected":false},"excerpt":{"rendered":"<p>O n\u00e1s EdenART vznikl z touhy tvo\u0159it zahrady, kter\u00e9 jsou nejen kr\u00e1sn\u00e9, ale i funk\u010dn\u00ed. Zahrady, kter\u00e9 jsou propojen\u00e9 s p\u0159\u00edrodou a \u0161it\u00e9 na m\u00edru lidem, kte\u0159\u00ed v nich \u017eij\u00ed. Navrhujeme a realizujeme prostory, je\u017e nejsou jen estetick\u00fdm dopl\u0148kem domu, ale skute\u010dn\u00fdm m\u00edstem pro \u017eivot \u2013 pro odpo\u010dinek, radost i setk\u00e1v\u00e1n\u00ed. Na\u0161\u00ed viz\u00ed je, aby [&hellip;]<\/p>\n","protected":false},"author":10,"featured_media":3119,"parent":0,"menu_order":0,"comment_status":"closed","ping_status":"closed","template":"","meta":{"footnotes":""},"class_list":["post-2248","page","type-page","status-publish","has-post-thumbnail","hentry"],"_links":{"self":[{"href":"https:\/\/edenart.cz\/cs\/wp-json\/wp\/v2\/pages\/2248","targetHints":{"allow":["GET"]}}],"collection":[{"href":"https:\/\/edenart.cz\/cs\/wp-json\/wp\/v2\/pages"}],"about":[{"href":"https:\/\/edenart.cz\/cs\/wp-json\/wp\/v2\/types\/page"}],"author":[{"embeddable":true,"href":"https:\/\/edenart.cz\/cs\/wp-json\/wp\/v2\/users\/10"}],"replies":[{"embeddable":true,"href":"https:\/\/edenart.cz\/cs\/wp-json\/wp\/v2\/comments?post=2248"}],"version-history":[{"count":88,"href":"https:\/\/edenart.cz\/cs\/wp-json\/wp\/v2\/pages\/2248\/revisions"}],"predecessor-version":[{"id":3170,"href":"https:\/\/edenart.cz\/cs\/wp-json\/wp\/v2\/pages\/2248\/revisions\/3170"}],"wp:featuredmedia":[{"embeddable":true,"href":"https:\/\/edenart.cz\/cs\/wp-json\/wp\/v2\/media\/3119"}],"wp:attachment":[{"href":"https:\/\/edenart.cz\/cs\/wp-json\/wp\/v2\/media?parent=2248"}],"curies":[{"name":"wp","href":"https:\/\/api.w.org\/{rel}","templated":true}]}}