{"id":2354,"date":"2026-01-01T14:35:50","date_gmt":"2026-01-01T13:35:50","guid":{"rendered":"https:\/\/edenart.cz\/cs\/?page_id=2354"},"modified":"2026-03-15T18:07:37","modified_gmt":"2026-03-15T17:07:37","slug":"realizace","status":"publish","type":"page","link":"https:\/\/edenart.cz\/cs\/realizace\/","title":{"rendered":"Realizace"},"content":{"rendered":"\t\t<div data-elementor-type=\"wp-page\" data-elementor-id=\"2354\" class=\"elementor elementor-2354\" data-elementor-post-type=\"page\">\n\t\t\t\t<div class=\"elementor-element elementor-element-168bce3 e-flex e-con-boxed e-con e-parent\" data-id=\"168bce3\" data-element_type=\"container\" data-e-type=\"container\">\n\t\t\t\t\t<div class=\"e-con-inner\">\n\t\t<div class=\"elementor-element elementor-element-c7e4a4a e-con-full e-flex e-con e-child\" data-id=\"c7e4a4a\" data-element_type=\"container\" data-e-type=\"container\">\n\t\t\t\t<div class=\"elementor-element elementor-element-4cbce9b elementor-widget elementor-widget-heading\" data-id=\"4cbce9b\" data-element_type=\"widget\" data-e-type=\"widget\" data-widget_type=\"heading.default\">\n\t\t\t\t\t<h2 class=\"elementor-heading-title elementor-size-default\">Realizace<\/h2>\t\t\t\t<\/div>\n\t\t\t\t<div class=\"elementor-element elementor-element-a97a001 elementor-widget elementor-widget-text-editor\" data-id=\"a97a001\" data-element_type=\"widget\" data-e-type=\"widget\" data-widget_type=\"text-editor.default\">\n\t\t\t\t\t\t\t\t\t<p><span style=\"font-weight: 400;\">Pod\u00edvejte se na zahrady, kter\u00e9 jsme vytvo\u0159ili \u2013 od mal\u00fdch m\u011bstsk\u00fdch dvork\u016f <br \/>a\u017e po rozs\u00e1hl\u00e9 zahrady v krajin\u011b. Ka\u017ed\u00e1 m\u00e1 sv\u016fj p\u0159\u00edb\u011bh.<\/span><\/p>\t\t\t\t\t\t\t\t<\/div>\n\t\t\t\t<\/div>\n\t\t\t\t\t<\/div>\n\t\t\t\t<\/div>\n\t\t<div class=\"elementor-element elementor-element-564b7f9 e-flex e-con-boxed e-con e-parent\" data-id=\"564b7f9\" data-element_type=\"container\" data-e-type=\"container\">\n\t\t\t\t\t<div class=\"e-con-inner\">\n\t\t<div class=\"elementor-element elementor-element-3e6063c e-grid e-con-full e-con e-child\" data-id=\"3e6063c\" data-element_type=\"container\" data-e-type=\"container\">\n\t\t\t\t<div class=\"elementor-element elementor-element-3ce6fca elementor-position-top elementor-widget elementor-widget-image-box\" data-id=\"3ce6fca\" data-element_type=\"widget\" data-e-type=\"widget\" data-widget_type=\"image-box.default\">\n\t\t\t\t\t<div class=\"elementor-image-box-wrapper\"><figure class=\"elementor-image-box-img\"><a href=\"#elementor-action%3Aaction%3Dpopup%3Aopen%26settings%3DeyJpZCI6IjI2NzgiLCJ0b2dnbGUiOmZhbHNlfQ%3D%3D\" tabindex=\"-1\"><img fetchpriority=\"high\" decoding=\"async\" width=\"2560\" height=\"1797\" src=\"https:\/\/edenart.cz\/cs\/wp-content\/uploads\/2026\/01\/zahrada3-kopie-2-1-scaled.jpg\" class=\"attachment-full size-full wp-image-3119\" alt=\"o n\u00e1s: EdenART vznikl z touhy tvo\u0159it zahrady, kter\u00e9 jsou nejen kr\u00e1sn\u00e9, ale i funk\u010dn\u00ed. Zahrady, kter\u00e9 jsou propojen\u00e9 s p\u0159\u00edrodou a \u0161it\u00e9 na m\u00edru lidem, kte\u0159\u00ed v nich \u017eij\u00ed. Navrhujeme a realizujeme prostory, je\u017e nejsou jen estetick\u00fdm dopl\u0148kem domu, ale skute\u010dn\u00fdm m\u00edstem pro \u017eivot \u2013 pro odpo\u010dinek, radost i setk\u00e1v\u00e1n\u00ed.\" srcset=\"https:\/\/edenart.cz\/cs\/wp-content\/uploads\/2026\/01\/zahrada3-kopie-2-1-scaled.jpg 2560w, https:\/\/edenart.cz\/cs\/wp-content\/uploads\/2026\/01\/zahrada3-kopie-2-1-300x211.jpg 300w, https:\/\/edenart.cz\/cs\/wp-content\/uploads\/2026\/01\/zahrada3-kopie-2-1-1024x719.jpg 1024w, https:\/\/edenart.cz\/cs\/wp-content\/uploads\/2026\/01\/zahrada3-kopie-2-1-768x539.jpg 768w, https:\/\/edenart.cz\/cs\/wp-content\/uploads\/2026\/01\/zahrada3-kopie-2-1-1536x1078.jpg 1536w, https:\/\/edenart.cz\/cs\/wp-content\/uploads\/2026\/01\/zahrada3-kopie-2-1-2048x1438.jpg 2048w\" sizes=\"(max-width: 2560px) 100vw, 2560px\" \/><\/a><\/figure><div class=\"elementor-image-box-content\"><h3 class=\"elementor-image-box-title\"><a href=\"#elementor-action%3Aaction%3Dpopup%3Aopen%26settings%3DeyJpZCI6IjI2NzgiLCJ0b2dnbGUiOmZhbHNlfQ%3D%3D\">Zahr\u00e1dka u \u0159adov\u00e9ho domu<\/a><\/h3><\/div><\/div>\t\t\t\t<\/div>\n\t\t\t\t<div class=\"elementor-element elementor-element-6cb2337 elementor-widget__width-inherit elementor-position-top elementor-widget elementor-widget-image-box\" data-id=\"6cb2337\" data-element_type=\"widget\" data-e-type=\"widget\" data-widget_type=\"image-box.default\">\n\t\t\t\t\t<div class=\"elementor-image-box-wrapper\"><figure class=\"elementor-image-box-img\"><a href=\"#elementor-action%3Aaction%3Dpopup%3Aopen%26settings%3DeyJpZCI6IjI2ODgiLCJ0b2dnbGUiOmZhbHNlfQ%3D%3D\" tabindex=\"-1\"><img decoding=\"async\" width=\"2560\" height=\"1797\" src=\"https:\/\/edenart.cz\/cs\/wp-content\/uploads\/2026\/01\/zahrada3-kopie-2-scaled.jpg\" class=\"attachment-full size-full wp-image-3118\" alt=\"\" srcset=\"https:\/\/edenart.cz\/cs\/wp-content\/uploads\/2026\/01\/zahrada3-kopie-2-scaled.jpg 2560w, https:\/\/edenart.cz\/cs\/wp-content\/uploads\/2026\/01\/zahrada3-kopie-2-300x211.jpg 300w, https:\/\/edenart.cz\/cs\/wp-content\/uploads\/2026\/01\/zahrada3-kopie-2-1024x719.jpg 1024w, https:\/\/edenart.cz\/cs\/wp-content\/uploads\/2026\/01\/zahrada3-kopie-2-768x539.jpg 768w, https:\/\/edenart.cz\/cs\/wp-content\/uploads\/2026\/01\/zahrada3-kopie-2-1536x1078.jpg 1536w, https:\/\/edenart.cz\/cs\/wp-content\/uploads\/2026\/01\/zahrada3-kopie-2-2048x1438.jpg 2048w\" sizes=\"(max-width: 2560px) 100vw, 2560px\" \/><\/a><\/figure><div class=\"elementor-image-box-content\"><h3 class=\"elementor-image-box-title\"><a href=\"#elementor-action%3Aaction%3Dpopup%3Aopen%26settings%3DeyJpZCI6IjI2ODgiLCJ0b2dnbGUiOmZhbHNlfQ%3D%3D\">Zahrada pro odpo\u010dinek a mls\u00e1n\u00ed<\/a><\/h3><\/div><\/div>\t\t\t\t<\/div>\n\t\t\t\t<div class=\"elementor-element elementor-element-8417d6e elementor-position-top elementor-widget elementor-widget-image-box\" data-id=\"8417d6e\" data-element_type=\"widget\" data-e-type=\"widget\" data-widget_type=\"image-box.default\">\n\t\t\t\t\t<div class=\"elementor-image-box-wrapper\"><figure class=\"elementor-image-box-img\"><a href=\"#elementor-action%3Aaction%3Dpopup%3Aopen%26settings%3DeyJpZCI6IjI2OTEiLCJ0b2dnbGUiOmZhbHNlfQ%3D%3D\" tabindex=\"-1\"><img decoding=\"async\" width=\"2560\" height=\"1797\" src=\"https:\/\/edenart.cz\/cs\/wp-content\/uploads\/2026\/01\/zahrada3-kopie-scaled.jpg\" class=\"attachment-full size-full wp-image-2987\" alt=\"\" srcset=\"https:\/\/edenart.cz\/cs\/wp-content\/uploads\/2026\/01\/zahrada3-kopie-scaled.jpg 2560w, https:\/\/edenart.cz\/cs\/wp-content\/uploads\/2026\/01\/zahrada3-kopie-300x211.jpg 300w, https:\/\/edenart.cz\/cs\/wp-content\/uploads\/2026\/01\/zahrada3-kopie-1024x719.jpg 1024w, https:\/\/edenart.cz\/cs\/wp-content\/uploads\/2026\/01\/zahrada3-kopie-768x539.jpg 768w, https:\/\/edenart.cz\/cs\/wp-content\/uploads\/2026\/01\/zahrada3-kopie-1536x1078.jpg 1536w, https:\/\/edenart.cz\/cs\/wp-content\/uploads\/2026\/01\/zahrada3-kopie-2048x1438.jpg 2048w\" sizes=\"(max-width: 2560px) 100vw, 2560px\" \/><\/a><\/figure><div class=\"elementor-image-box-content\"><h3 class=\"elementor-image-box-title\"><a href=\"#elementor-action%3Aaction%3Dpopup%3Aopen%26settings%3DeyJpZCI6IjI2OTEiLCJ0b2dnbGUiOmZhbHNlfQ%3D%3D\">Mal\u00e1 zahrada u rodinn\u00e9ho domu<\/a><\/h3><\/div><\/div>\t\t\t\t<\/div>\n\t\t\t\t<div class=\"elementor-element elementor-element-309fd16 elementor-position-top elementor-widget elementor-widget-image-box\" data-id=\"309fd16\" data-element_type=\"widget\" data-e-type=\"widget\" data-widget_type=\"image-box.default\">\n\t\t\t\t\t<div class=\"elementor-image-box-wrapper\"><figure class=\"elementor-image-box-img\"><a href=\"#elementor-action%3Aaction%3Dpopup%3Aopen%26settings%3DeyJpZCI6IjI3MDkiLCJ0b2dnbGUiOmZhbHNlfQ%3D%3D\" tabindex=\"-1\"><img loading=\"lazy\" decoding=\"async\" width=\"2560\" height=\"1920\" src=\"https:\/\/edenart.cz\/cs\/wp-content\/uploads\/2026\/01\/3-kopie-scaled.jpg\" class=\"attachment-full size-full wp-image-2671\" alt=\"\" srcset=\"https:\/\/edenart.cz\/cs\/wp-content\/uploads\/2026\/01\/3-kopie-scaled.jpg 2560w, https:\/\/edenart.cz\/cs\/wp-content\/uploads\/2026\/01\/3-kopie-300x225.jpg 300w, https:\/\/edenart.cz\/cs\/wp-content\/uploads\/2026\/01\/3-kopie-1024x768.jpg 1024w, https:\/\/edenart.cz\/cs\/wp-content\/uploads\/2026\/01\/3-kopie-768x576.jpg 768w, https:\/\/edenart.cz\/cs\/wp-content\/uploads\/2026\/01\/3-kopie-1536x1152.jpg 1536w, https:\/\/edenart.cz\/cs\/wp-content\/uploads\/2026\/01\/3-kopie-2048x1536.jpg 2048w\" sizes=\"(max-width: 2560px) 100vw, 2560px\" \/><\/a><\/figure><div class=\"elementor-image-box-content\"><h3 class=\"elementor-image-box-title\"><a href=\"#elementor-action%3Aaction%3Dpopup%3Aopen%26settings%3DeyJpZCI6IjI3MDkiLCJ0b2dnbGUiOmZhbHNlfQ%3D%3D\">Mal\u00e1 zahrada u rodinn\u00e9ho domu 2<\/a><\/h3><\/div><\/div>\t\t\t\t<\/div>\n\t\t\t\t<div class=\"elementor-element elementor-element-51a55d8 elementor-position-top elementor-widget elementor-widget-image-box\" data-id=\"51a55d8\" data-element_type=\"widget\" data-e-type=\"widget\" data-widget_type=\"image-box.default\">\n\t\t\t\t\t<div class=\"elementor-image-box-wrapper\"><figure class=\"elementor-image-box-img\"><a href=\"#elementor-action%3Aaction%3Dpopup%3Aopen%26settings%3DeyJpZCI6IjI3MjAiLCJ0b2dnbGUiOmZhbHNlfQ%3D%3D\" tabindex=\"-1\"><img loading=\"lazy\" decoding=\"async\" width=\"2560\" height=\"1920\" src=\"https:\/\/edenart.cz\/cs\/wp-content\/uploads\/2026\/01\/IMG_0517-kopie-scaled.jpg\" class=\"attachment-full size-full wp-image-2721\" alt=\"\" srcset=\"https:\/\/edenart.cz\/cs\/wp-content\/uploads\/2026\/01\/IMG_0517-kopie-scaled.jpg 2560w, https:\/\/edenart.cz\/cs\/wp-content\/uploads\/2026\/01\/IMG_0517-kopie-300x225.jpg 300w, https:\/\/edenart.cz\/cs\/wp-content\/uploads\/2026\/01\/IMG_0517-kopie-1024x768.jpg 1024w, https:\/\/edenart.cz\/cs\/wp-content\/uploads\/2026\/01\/IMG_0517-kopie-768x576.jpg 768w, https:\/\/edenart.cz\/cs\/wp-content\/uploads\/2026\/01\/IMG_0517-kopie-1536x1152.jpg 1536w, https:\/\/edenart.cz\/cs\/wp-content\/uploads\/2026\/01\/IMG_0517-kopie-2048x1536.jpg 2048w\" sizes=\"(max-width: 2560px) 100vw, 2560px\" \/><\/a><\/figure><div class=\"elementor-image-box-content\"><h3 class=\"elementor-image-box-title\"><a href=\"#elementor-action%3Aaction%3Dpopup%3Aopen%26settings%3DeyJpZCI6IjI3MjAiLCJ0b2dnbGUiOmZhbHNlfQ%3D%3D\">Zahrada sn\u016f<\/a><\/h3><\/div><\/div>\t\t\t\t<\/div>\n\t\t\t\t<div class=\"elementor-element elementor-element-5e27fdd elementor-position-top elementor-widget elementor-widget-image-box\" data-id=\"5e27fdd\" data-element_type=\"widget\" data-e-type=\"widget\" data-widget_type=\"image-box.default\">\n\t\t\t\t\t<div class=\"elementor-image-box-wrapper\"><figure class=\"elementor-image-box-img\"><a href=\"#elementor-action%3Aaction%3Dpopup%3Aopen%26settings%3DeyJpZCI6IjI3MzkiLCJ0b2dnbGUiOmZhbHNlfQ%3D%3D\" tabindex=\"-1\"><img loading=\"lazy\" decoding=\"async\" width=\"2560\" height=\"1920\" src=\"https:\/\/edenart.cz\/cs\/wp-content\/uploads\/2023\/01\/IMG_4162-scaled.jpeg\" class=\"attachment-full size-full wp-image-1999\" alt=\"\" srcset=\"https:\/\/edenart.cz\/cs\/wp-content\/uploads\/2023\/01\/IMG_4162-scaled.jpeg 2560w, https:\/\/edenart.cz\/cs\/wp-content\/uploads\/2023\/01\/IMG_4162-300x225.jpeg 300w, https:\/\/edenart.cz\/cs\/wp-content\/uploads\/2023\/01\/IMG_4162-1024x768.jpeg 1024w, https:\/\/edenart.cz\/cs\/wp-content\/uploads\/2023\/01\/IMG_4162-768x576.jpeg 768w, https:\/\/edenart.cz\/cs\/wp-content\/uploads\/2023\/01\/IMG_4162-1536x1152.jpeg 1536w, https:\/\/edenart.cz\/cs\/wp-content\/uploads\/2023\/01\/IMG_4162-2048x1536.jpeg 2048w\" sizes=\"(max-width: 2560px) 100vw, 2560px\" \/><\/a><\/figure><div class=\"elementor-image-box-content\"><h3 class=\"elementor-image-box-title\"><a href=\"#elementor-action%3Aaction%3Dpopup%3Aopen%26settings%3DeyJpZCI6IjI3MzkiLCJ0b2dnbGUiOmZhbHNlfQ%3D%3D\">Soukrom\u00e1 zahrada s baz\u00e9nem<\/a><\/h3><\/div><\/div>\t\t\t\t<\/div>\n\t\t\t\t<div class=\"elementor-element elementor-element-2db7acd elementor-position-top elementor-widget elementor-widget-image-box\" data-id=\"2db7acd\" data-element_type=\"widget\" data-e-type=\"widget\" data-widget_type=\"image-box.default\">\n\t\t\t\t\t<div class=\"elementor-image-box-wrapper\"><figure class=\"elementor-image-box-img\"><a href=\"#elementor-action%3Aaction%3Dpopup%3Aopen%26settings%3DeyJpZCI6IjI3NDciLCJ0b2dnbGUiOmZhbHNlfQ%3D%3D\" tabindex=\"-1\"><img loading=\"lazy\" decoding=\"async\" width=\"2560\" height=\"1920\" src=\"https:\/\/edenart.cz\/cs\/wp-content\/uploads\/2026\/01\/IMG_2793-kopie-scaled.jpg\" class=\"attachment-full size-full wp-image-2976\" alt=\"\" srcset=\"https:\/\/edenart.cz\/cs\/wp-content\/uploads\/2026\/01\/IMG_2793-kopie-scaled.jpg 2560w, https:\/\/edenart.cz\/cs\/wp-content\/uploads\/2026\/01\/IMG_2793-kopie-300x225.jpg 300w, https:\/\/edenart.cz\/cs\/wp-content\/uploads\/2026\/01\/IMG_2793-kopie-1024x768.jpg 1024w, https:\/\/edenart.cz\/cs\/wp-content\/uploads\/2026\/01\/IMG_2793-kopie-768x576.jpg 768w, https:\/\/edenart.cz\/cs\/wp-content\/uploads\/2026\/01\/IMG_2793-kopie-1536x1152.jpg 1536w, https:\/\/edenart.cz\/cs\/wp-content\/uploads\/2026\/01\/IMG_2793-kopie-2048x1536.jpg 2048w\" sizes=\"(max-width: 2560px) 100vw, 2560px\" \/><\/a><\/figure><div class=\"elementor-image-box-content\"><h3 class=\"elementor-image-box-title\"><a href=\"#elementor-action%3Aaction%3Dpopup%3Aopen%26settings%3DeyJpZCI6IjI3NDciLCJ0b2dnbGUiOmZhbHNlfQ%3D%3D\">Zahrada pln\u00e1 radosti<\/a><\/h3><\/div><\/div>\t\t\t\t<\/div>\n\t\t\t\t<div class=\"elementor-element elementor-element-3a0d555 elementor-position-top elementor-widget elementor-widget-image-box\" data-id=\"3a0d555\" data-element_type=\"widget\" data-e-type=\"widget\" data-widget_type=\"image-box.default\">\n\t\t\t\t\t<div class=\"elementor-image-box-wrapper\"><figure class=\"elementor-image-box-img\"><a href=\"#elementor-action%3Aaction%3Dpopup%3Aopen%26settings%3DeyJpZCI6IjI3NTMiLCJ0b2dnbGUiOmZhbHNlfQ%3D%3D\" tabindex=\"-1\"><img loading=\"lazy\" decoding=\"async\" width=\"1024\" height=\"768\" src=\"https:\/\/edenart.cz\/cs\/wp-content\/uploads\/2026\/01\/3D4DEF5F-283A-49E8-A79E-879481099B93_1_105_c-kopie-2.jpg\" class=\"attachment-full size-full wp-image-3105\" alt=\"\" srcset=\"https:\/\/edenart.cz\/cs\/wp-content\/uploads\/2026\/01\/3D4DEF5F-283A-49E8-A79E-879481099B93_1_105_c-kopie-2.jpg 1024w, https:\/\/edenart.cz\/cs\/wp-content\/uploads\/2026\/01\/3D4DEF5F-283A-49E8-A79E-879481099B93_1_105_c-kopie-2-300x225.jpg 300w, https:\/\/edenart.cz\/cs\/wp-content\/uploads\/2026\/01\/3D4DEF5F-283A-49E8-A79E-879481099B93_1_105_c-kopie-2-768x576.jpg 768w\" sizes=\"(max-width: 1024px) 100vw, 1024px\" \/><\/a><\/figure><div class=\"elementor-image-box-content\"><h3 class=\"elementor-image-box-title\"><a href=\"#elementor-action%3Aaction%3Dpopup%3Aopen%26settings%3DeyJpZCI6IjI3NTMiLCJ0b2dnbGUiOmZhbHNlfQ%3D%3D\">Zahrada v asijsk\u00e9m stylu<\/a><\/h3><\/div><\/div>\t\t\t\t<\/div>\n\t\t\t\t<div class=\"elementor-element elementor-element-4e40455 elementor-position-top elementor-widget elementor-widget-image-box\" data-id=\"4e40455\" data-element_type=\"widget\" data-e-type=\"widget\" data-widget_type=\"image-box.default\">\n\t\t\t\t\t<div class=\"elementor-image-box-wrapper\"><figure class=\"elementor-image-box-img\"><a href=\"#elementor-action%3Aaction%3Dpopup%3Aopen%26settings%3DeyJpZCI6IjI3NTkiLCJ0b2dnbGUiOmZhbHNlfQ%3D%3D\" tabindex=\"-1\"><img loading=\"lazy\" decoding=\"async\" width=\"2560\" height=\"1920\" src=\"https:\/\/edenart.cz\/cs\/wp-content\/uploads\/2026\/01\/1-kopie-scaled.jpg\" class=\"attachment-full size-full wp-image-2672\" alt=\"\" srcset=\"https:\/\/edenart.cz\/cs\/wp-content\/uploads\/2026\/01\/1-kopie-scaled.jpg 2560w, https:\/\/edenart.cz\/cs\/wp-content\/uploads\/2026\/01\/1-kopie-300x225.jpg 300w, https:\/\/edenart.cz\/cs\/wp-content\/uploads\/2026\/01\/1-kopie-1024x768.jpg 1024w, https:\/\/edenart.cz\/cs\/wp-content\/uploads\/2026\/01\/1-kopie-768x576.jpg 768w, https:\/\/edenart.cz\/cs\/wp-content\/uploads\/2026\/01\/1-kopie-1536x1152.jpg 1536w, https:\/\/edenart.cz\/cs\/wp-content\/uploads\/2026\/01\/1-kopie-2048x1536.jpg 2048w\" sizes=\"(max-width: 2560px) 100vw, 2560px\" \/><\/a><\/figure><div class=\"elementor-image-box-content\"><h3 class=\"elementor-image-box-title\"><a href=\"#elementor-action%3Aaction%3Dpopup%3Aopen%26settings%3DeyJpZCI6IjI3NTkiLCJ0b2dnbGUiOmZhbHNlfQ%3D%3D\">Zahrada ve svahu<\/a><\/h3><\/div><\/div>\t\t\t\t<\/div>\n\t\t\t\t<div class=\"elementor-element elementor-element-c7e733a elementor-position-top elementor-widget elementor-widget-image-box\" data-id=\"c7e733a\" data-element_type=\"widget\" data-e-type=\"widget\" data-widget_type=\"image-box.default\">\n\t\t\t\t\t<div class=\"elementor-image-box-wrapper\"><figure class=\"elementor-image-box-img\"><a href=\"#elementor-action%3Aaction%3Dpopup%3Aopen%26settings%3DeyJpZCI6IjI3NjUiLCJ0b2dnbGUiOmZhbHNlfQ%3D%3D\" tabindex=\"-1\"><img loading=\"lazy\" decoding=\"async\" width=\"2560\" height=\"1920\" src=\"https:\/\/edenart.cz\/cs\/wp-content\/uploads\/2026\/01\/7-kopie-1-scaled.jpg\" class=\"attachment-full size-full wp-image-2716\" alt=\"\" srcset=\"https:\/\/edenart.cz\/cs\/wp-content\/uploads\/2026\/01\/7-kopie-1-scaled.jpg 2560w, https:\/\/edenart.cz\/cs\/wp-content\/uploads\/2026\/01\/7-kopie-1-300x225.jpg 300w, https:\/\/edenart.cz\/cs\/wp-content\/uploads\/2026\/01\/7-kopie-1-1024x768.jpg 1024w, https:\/\/edenart.cz\/cs\/wp-content\/uploads\/2026\/01\/7-kopie-1-768x576.jpg 768w, https:\/\/edenart.cz\/cs\/wp-content\/uploads\/2026\/01\/7-kopie-1-1536x1152.jpg 1536w, https:\/\/edenart.cz\/cs\/wp-content\/uploads\/2026\/01\/7-kopie-1-2048x1536.jpg 2048w\" sizes=\"(max-width: 2560px) 100vw, 2560px\" \/><\/a><\/figure><div class=\"elementor-image-box-content\"><h3 class=\"elementor-image-box-title\"><a href=\"#elementor-action%3Aaction%3Dpopup%3Aopen%26settings%3DeyJpZCI6IjI3NjUiLCJ0b2dnbGUiOmZhbHNlfQ%3D%3D\">Zahrada ve svahu 2<\/a><\/h3><\/div><\/div>\t\t\t\t<\/div>\n\t\t\t\t<div class=\"elementor-element elementor-element-6d7ab01 elementor-position-top elementor-widget elementor-widget-image-box\" data-id=\"6d7ab01\" data-element_type=\"widget\" data-e-type=\"widget\" data-widget_type=\"image-box.default\">\n\t\t\t\t\t<div class=\"elementor-image-box-wrapper\"><figure class=\"elementor-image-box-img\"><a href=\"#elementor-action%3Aaction%3Dpopup%3Aopen%26settings%3DeyJpZCI6IjI3NzEiLCJ0b2dnbGUiOmZhbHNlfQ%3D%3D\" tabindex=\"-1\"><img loading=\"lazy\" decoding=\"async\" width=\"2032\" height=\"1524\" src=\"https:\/\/edenart.cz\/cs\/wp-content\/uploads\/2026\/01\/1-2-kopie.jpg\" class=\"attachment-full size-full wp-image-2673\" alt=\"\" srcset=\"https:\/\/edenart.cz\/cs\/wp-content\/uploads\/2026\/01\/1-2-kopie.jpg 2032w, https:\/\/edenart.cz\/cs\/wp-content\/uploads\/2026\/01\/1-2-kopie-300x225.jpg 300w, https:\/\/edenart.cz\/cs\/wp-content\/uploads\/2026\/01\/1-2-kopie-1024x768.jpg 1024w, https:\/\/edenart.cz\/cs\/wp-content\/uploads\/2026\/01\/1-2-kopie-768x576.jpg 768w, https:\/\/edenart.cz\/cs\/wp-content\/uploads\/2026\/01\/1-2-kopie-1536x1152.jpg 1536w\" sizes=\"(max-width: 2032px) 100vw, 2032px\" \/><\/a><\/figure><div class=\"elementor-image-box-content\"><h3 class=\"elementor-image-box-title\"><a href=\"#elementor-action%3Aaction%3Dpopup%3Aopen%26settings%3DeyJpZCI6IjI3NzEiLCJ0b2dnbGUiOmZhbHNlfQ%3D%3D\">Zahrada v lese<\/a><\/h3><\/div><\/div>\t\t\t\t<\/div>\n\t\t\t\t<div class=\"elementor-element elementor-element-fe63adf elementor-position-top elementor-widget elementor-widget-image-box\" data-id=\"fe63adf\" data-element_type=\"widget\" data-e-type=\"widget\" data-widget_type=\"image-box.default\">\n\t\t\t\t\t<div class=\"elementor-image-box-wrapper\"><figure class=\"elementor-image-box-img\"><a href=\"#elementor-action%3Aaction%3Dpopup%3Aopen%26settings%3DeyJpZCI6IjI5MzQiLCJ0b2dnbGUiOmZhbHNlfQ%3D%3D\" tabindex=\"-1\"><img loading=\"lazy\" decoding=\"async\" width=\"2560\" height=\"1920\" src=\"https:\/\/edenart.cz\/cs\/wp-content\/uploads\/2026\/01\/IMG_8091-scaled.jpeg\" class=\"attachment-full size-full wp-image-2942\" alt=\"\" srcset=\"https:\/\/edenart.cz\/cs\/wp-content\/uploads\/2026\/01\/IMG_8091-scaled.jpeg 2560w, https:\/\/edenart.cz\/cs\/wp-content\/uploads\/2026\/01\/IMG_8091-300x225.jpeg 300w, https:\/\/edenart.cz\/cs\/wp-content\/uploads\/2026\/01\/IMG_8091-1024x768.jpeg 1024w, https:\/\/edenart.cz\/cs\/wp-content\/uploads\/2026\/01\/IMG_8091-768x576.jpeg 768w, https:\/\/edenart.cz\/cs\/wp-content\/uploads\/2026\/01\/IMG_8091-1536x1152.jpeg 1536w, https:\/\/edenart.cz\/cs\/wp-content\/uploads\/2026\/01\/IMG_8091-2048x1536.jpeg 2048w\" sizes=\"(max-width: 2560px) 100vw, 2560px\" \/><\/a><\/figure><div class=\"elementor-image-box-content\"><h3 class=\"elementor-image-box-title\"><a href=\"#elementor-action%3Aaction%3Dpopup%3Aopen%26settings%3DeyJpZCI6IjI5MzQiLCJ0b2dnbGUiOmZhbHNlfQ%3D%3D\">Voda, k\u00e1men, klid<\/a><\/h3><\/div><\/div>\t\t\t\t<\/div>\n\t\t\t\t<\/div>\n\t\t\t\t\t<\/div>\n\t\t\t\t<\/div>\n\t\t\t\t<\/div>\n\t\t","protected":false},"excerpt":{"rendered":"<p>Realizace Pod\u00edvejte se na zahrady, kter\u00e9 jsme vytvo\u0159ili \u2013 od mal\u00fdch m\u011bstsk\u00fdch dvork\u016f a\u017e po rozs\u00e1hl\u00e9 zahrady v krajin\u011b. Ka\u017ed\u00e1 m\u00e1 sv\u016fj p\u0159\u00edb\u011bh. Zahr\u00e1dka u \u0159adov\u00e9ho domu Zahrada pro odpo\u010dinek a mls\u00e1n\u00ed Mal\u00e1 zahrada u rodinn\u00e9ho domu Mal\u00e1 zahrada u rodinn\u00e9ho domu 2 Zahrada sn\u016f Soukrom\u00e1 zahrada s baz\u00e9nem Zahrada pln\u00e1 radosti Zahrada v asijsk\u00e9m [&hellip;]<\/p>\n","protected":false},"author":10,"featured_media":2731,"parent":0,"menu_order":0,"comment_status":"closed","ping_status":"closed","template":"","meta":{"footnotes":""},"class_list":["post-2354","page","type-page","status-publish","has-post-thumbnail","hentry"],"_links":{"self":[{"href":"https:\/\/edenart.cz\/cs\/wp-json\/wp\/v2\/pages\/2354","targetHints":{"allow":["GET"]}}],"collection":[{"href":"https:\/\/edenart.cz\/cs\/wp-json\/wp\/v2\/pages"}],"about":[{"href":"https:\/\/edenart.cz\/cs\/wp-json\/wp\/v2\/types\/page"}],"author":[{"embeddable":true,"href":"https:\/\/edenart.cz\/cs\/wp-json\/wp\/v2\/users\/10"}],"replies":[{"embeddable":true,"href":"https:\/\/edenart.cz\/cs\/wp-json\/wp\/v2\/comments?post=2354"}],"version-history":[{"count":88,"href":"https:\/\/edenart.cz\/cs\/wp-json\/wp\/v2\/pages\/2354\/revisions"}],"predecessor-version":[{"id":3167,"href":"https:\/\/edenart.cz\/cs\/wp-json\/wp\/v2\/pages\/2354\/revisions\/3167"}],"wp:featuredmedia":[{"embeddable":true,"href":"https:\/\/edenart.cz\/cs\/wp-json\/wp\/v2\/media\/2731"}],"wp:attachment":[{"href":"https:\/\/edenart.cz\/cs\/wp-json\/wp\/v2\/media?parent=2354"}],"curies":[{"name":"wp","href":"https:\/\/api.w.org\/{rel}","templated":true}]}}